{"id":13,"date":"2024-05-10T06:26:19","date_gmt":"2024-05-10T06:26:19","guid":{"rendered":"https:\/\/authorwebservices-vip.net\/iUniverse\/856924\/?page_id=13"},"modified":"2024-09-03T06:26:31","modified_gmt":"2024-09-03T06:26:31","slug":"pastime","status":"publish","type":"page","link":"https:\/\/www.exclusivelychosen-tdpeterson.com\/es\/","title":{"rendered":"Elegido exclusivament"},"content":{"rendered":"<p><!-- \/wp:post-content --><\/p>\r\n<p><!-- wp:heading {\"style\":{\"typography\":{\"fontSize\":\"32px\"}}} --><\/p>\r\n<h2 class=\"wp-block-heading\" style=\"font-size: 32px;\"><img loading=\"lazy\" decoding=\"async\" width=\"339\" height=\"522\" class=\"wp-image-2114 alignright\" style=\"width: 339px;\" src=\"https:\/\/www.exclusivelychosen-tdpeterson.com\/wp-content\/uploads\/2024\/08\/cover-es.jpg\" alt=\"\" srcset=\"https:\/\/www.exclusivelychosen-tdpeterson.com\/wp-content\/uploads\/2024\/08\/cover-es.jpg 450w, https:\/\/www.exclusivelychosen-tdpeterson.com\/wp-content\/uploads\/2024\/08\/cover-es-195x300.jpg 195w\" sizes=\"auto, (max-width: 339px) 100vw, 339px\" \/>Mi viaje hacia el Prop\u00f3sito<\/h2>\r\n<p><!-- \/wp:heading --><\/p>\r\n<p><!-- wp:paragraph --><\/p>\r\n<p>En febrero de 2021, la autora Toni Dudley-Peterson era feliz con la vida que hab\u00eda creado y construido para s\u00ed misma. Era una triunfadora con una fuerte personalidad de tipo A que encajaba bien en la Am\u00e9rica corporativa. Toni pensaba que controlaba su destino, pero pronto descubri\u00f3 lo contrario.<\/p>\r\n<p><!-- \/wp:paragraph --><\/p>\r\n<p><!-- wp:paragraph --><\/p>\r\n<p>Sufri\u00f3 un derrame cerebral inducido por Covid-19 y vivi\u00f3 una experiencia cercana a la muerte que la dej\u00f3 al borde de la muerte. Su viaje hacia la recuperaci\u00f3n no ha sido f\u00e1cil. En Exclusivamente Elegida, ella cuenta su historia y cuenta c\u00f3mo comprendi\u00f3 que Dios ten\u00eda el control total y que la estaba guiando hacia su prop\u00f3sito.<\/p>\r\n<p><!-- \/wp:paragraph --><\/p>\r\n<p><!-- wp:paragraph --><\/p>\r\n<p>Alentada por las Escrituras, Toni relata sus retos, pensamientos y experiencias a lo largo de su viaje espiritual y f\u00edsico. Ella est\u00e1 agradecida de estar viva y, por la fe, Dios le dio la aprobaci\u00f3n y el coraje para compartir su historia.<\/p>\r\n<p><!-- \/wp:paragraph --><\/p>\r\n<p><!-- wp:buttons --><\/p>\r\n<div class=\"wp-block-buttons\"><!-- wp:button {\"textColor\":\"white\",\"style\":{\"typography\":{\"fontSize\":\"16px\"},\"border\":{\"radius\":\"3px\"},\"elements\":{\"link\":{\"color\":{\"text\":\"var:preset|color|white\"}}},\"color\":{\"background\":\"#f99f28\"}}} -->\r\n<div class=\"wp-block-button has-custom-font-size\" style=\"font-size: 16px;\"><a class=\"wp-block-button__link has-white-color has-text-color has-background has-link-color wp-element-button\" style=\"border-radius: 3px; background-color: #f99f28;\" href=\"https:\/\/www.exclusivelychosen-tdpeterson.com\/about-the-book\/\">Leer m\u00e1s<\/a><\/div>\r\n<p><!-- \/wp:button --><\/p>\r\n<p><!-- wp:button {\"textColor\":\"white\",\"style\":{\"typography\":{\"fontSize\":\"16px\"},\"border\":{\"radius\":\"3px\"},\"elements\":{\"link\":{\"color\":{\"text\":\"var:preset|color|white\"}}},\"color\":{\"background\":\"#f99f28\"}}} --><\/p>\r\n<div class=\"wp-block-button has-custom-font-size\" style=\"font-size: 16px;\"><a class=\"wp-block-button__link has-white-color has-text-color has-background has-link-color wp-element-button\" style=\"border-radius: 3px; background-color: #f99f28;\" href=\"https:\/\/www.westbowpress.com\/en\/bookstore\/bookdetails\/855324-elegido-exclusivamente\" target=\"_blank\" rel=\"noreferrer noopener\">\u00a1Haga un pedido ahora!<\/a><\/div>\r\n<\/div><!-- \/wp:button -->","protected":false},"excerpt":{"rendered":"<p>Mi viaje hacia el Prop\u00f3sito En febrero de 2021, la autora Toni Dudley-Peterson era feliz con la vida que hab\u00eda creado y construido para s\u00ed misma. Era una triunfadora con una fuerte personalidad de tipo A que encajaba bien en la Am\u00e9rica corporativa. Toni pensaba que controlaba su destino, pero pronto descubri\u00f3 lo contrario. Sufri\u00f3 &hellip; <\/p>\n<div class=\"more-link-wrapper\"><a href=\"https:\/\/www.exclusivelychosen-tdpeterson.com\/es\/\" class=\"more-link\">Continue reading<span class=\"screen-reader-text\"> &#8220;Elegido exclusivament&#8221;<\/span><\/a><\/div>\n","protected":false},"author":1,"featured_media":0,"parent":0,"menu_order":0,"comment_status":"closed","ping_status":"closed","template":"template-full.php","meta":{"footnotes":""},"class_list":["post-13","page","type-page","status-publish","no-comments"],"translation":{"provider":"WPGlobus","version":"3.0.2","language":"es","enabled_languages":["en","es"],"languages":{"en":{"title":true,"content":true,"excerpt":false},"es":{"title":true,"content":true,"excerpt":false}}},"aioseo_notices":[],"_links":{"self":[{"href":"https:\/\/www.exclusivelychosen-tdpeterson.com\/es\/wp-json\/wp\/v2\/pages\/13","targetHints":{"allow":["GET"]}}],"collection":[{"href":"https:\/\/www.exclusivelychosen-tdpeterson.com\/es\/wp-json\/wp\/v2\/pages"}],"about":[{"href":"https:\/\/www.exclusivelychosen-tdpeterson.com\/es\/wp-json\/wp\/v2\/types\/page"}],"author":[{"embeddable":true,"href":"https:\/\/www.exclusivelychosen-tdpeterson.com\/es\/wp-json\/wp\/v2\/users\/1"}],"replies":[{"embeddable":true,"href":"https:\/\/www.exclusivelychosen-tdpeterson.com\/es\/wp-json\/wp\/v2\/comments?post=13"}],"version-history":[{"count":7,"href":"https:\/\/www.exclusivelychosen-tdpeterson.com\/es\/wp-json\/wp\/v2\/pages\/13\/revisions"}],"predecessor-version":[{"id":2142,"href":"https:\/\/www.exclusivelychosen-tdpeterson.com\/es\/wp-json\/wp\/v2\/pages\/13\/revisions\/2142"}],"wp:attachment":[{"href":"https:\/\/www.exclusivelychosen-tdpeterson.com\/es\/wp-json\/wp\/v2\/media?parent=13"}],"curies":[{"name":"wp","href":"https:\/\/api.w.org\/{rel}","templated":true}]}}